{"id":44,"date":"2020-02-28T00:29:54","date_gmt":"2020-02-27T23:29:54","guid":{"rendered":"http:\/\/ndbc.fr\/?page_id=44"},"modified":"2025-09-16T09:39:35","modified_gmt":"2025-09-16T07:39:35","slug":"projet-educatif","status":"publish","type":"page","link":"https:\/\/ndbc.fr\/?page_id=44","title":{"rendered":"Projet \u00e9ducatif"},"content":{"rendered":"<div class=\"n2-section-smartslider fitvidsignore  n2_clear\" data-ssid=\"1\" tabindex=\"0\" role=\"region\" aria-label=\"Slider\"><div id=\"n2-ss-1-align\" class=\"n2-ss-align\"><div class=\"n2-padding\"><div id=\"n2-ss-1\" data-creator=\"Smart Slider 3\" data-responsive=\"auto\" class=\"n2-ss-slider n2-ow n2-has-hover n2notransition  \">\n\n\n\n\n\n<div class=\"n2-ss-slider-wrapper-outside\" style=\"grid-template-rows:1fr auto\"><div class=\"n2-ss-slider-wrapper-inside\">\n        <div class=\"n2-ss-slider-1 n2_ss__touch_element n2-ow\">\n            <div class=\"n2-ss-slider-2 n2-ow\">\n                                                <div class=\"n2-ss-slider-3 n2-ow\">\n\n                    <div class=\"n2-ss-slide-backgrounds n2-ow-all\"><div class=\"n2-ss-slide-background\" data-public-id=\"1\" data-mode=\"fill\"><div class=\"n2-ss-slide-background-image\" data-blur=\"0\" data-opacity=\"100\" data-x=\"50\" data-y=\"50\" data-alt=\"\" data-title=\"\"><picture class=\"skip-lazy\" data-skip-lazy=\"1\"><img decoding=\"async\" src=\"\/\/ndbc.fr\/wp-content\/uploads\/2020\/02\/SAVE_20191224_163014.jpg\" alt=\"\" title=\"\" loading=\"lazy\" class=\"skip-lazy\" data-skip-lazy=\"1\"><\/picture><\/div><div data-color=\"RGBA(255,255,255,0)\" style=\"background-color: RGBA(255,255,255,0);\" class=\"n2-ss-slide-background-color\"><\/div><\/div><div class=\"n2-ss-slide-background\" data-public-id=\"2\" data-mode=\"fill\"><div class=\"n2-ss-slide-background-image\" data-blur=\"0\" data-opacity=\"100\" data-x=\"50\" data-y=\"50\" data-alt=\"\" data-title=\"\"><picture class=\"skip-lazy\" data-skip-lazy=\"1\"><img decoding=\"async\" src=\"\/\/ndbc.fr\/wp-content\/uploads\/2020\/02\/SAVE_20191230_1220512.jpg\" alt=\"\" title=\"\" loading=\"lazy\" class=\"skip-lazy\" data-skip-lazy=\"1\"><\/picture><\/div><div data-color=\"RGBA(255,255,255,0)\" style=\"background-color: RGBA(255,255,255,0);\" class=\"n2-ss-slide-background-color\"><\/div><\/div><div class=\"n2-ss-slide-background\" data-public-id=\"3\" data-mode=\"fill\"><div class=\"n2-ss-slide-background-image\" data-blur=\"0\" data-opacity=\"100\" data-x=\"50\" data-y=\"50\" data-alt=\"\" data-title=\"\"><picture class=\"skip-lazy\" data-skip-lazy=\"1\"><img decoding=\"async\" src=\"\/\/ndbc.fr\/wp-content\/uploads\/2020\/02\/photo-NDBC-1.jpg\" alt=\"\" title=\"\" loading=\"lazy\" class=\"skip-lazy\" data-skip-lazy=\"1\"><\/picture><\/div><div data-color=\"RGBA(255,255,255,0)\" style=\"background-color: RGBA(255,255,255,0);\" class=\"n2-ss-slide-background-color\"><\/div><\/div><\/div>                    <div class=\"n2-ss-slider-4 n2-ow\">\n                        <svg xmlns=\"http:\/\/www.w3.org\/2000\/svg\" viewBox=\"0 0 1200 600\" data-related-device=\"desktopPortrait\" class=\"n2-ow n2-ss-preserve-size n2-ss-preserve-size--slider n2-ss-slide-limiter\"><\/svg><div data-first=\"1\" data-slide-duration=\"0\" data-id=\"4\" data-slide-public-id=\"1\" data-title=\"SAVE_20191224_163014\" class=\"n2-ss-slide n2-ow  n2-ss-slide-4\"><div role=\"note\" class=\"n2-ss-slide--focus\" tabindex=\"-1\">SAVE_20191224_163014<\/div><div class=\"n2-ss-layers-container n2-ss-slide-limiter n2-ow\"><div class=\"n2-ss-layer n2-ow n-uc-d2jXbfunAJZY\" data-sstype=\"slide\" data-pm=\"default\"><\/div><\/div><img decoding=\"async\" loading=\"lazy\" class=\"n2-ss-slide-thumbnail skip-lazy\" data-skip-lazy=\"1\" src=\"\/\/ndbc.fr\/wp-content\/uploads\/2020\/02\/SAVE_20191224_163014.jpg\" alt=\"SAVE_20191224_163014\"><\/div><div data-slide-duration=\"0\" data-id=\"5\" data-slide-public-id=\"2\" data-title=\"SAVE_20191230_122051(2)\" class=\"n2-ss-slide n2-ow  n2-ss-slide-5\"><div role=\"note\" class=\"n2-ss-slide--focus\" tabindex=\"-1\">SAVE_20191230_122051(2)<\/div><div class=\"n2-ss-layers-container n2-ss-slide-limiter n2-ow\"><div class=\"n2-ss-layer n2-ow n-uc-oWaaULiCCWMS\" data-sstype=\"slide\" data-pm=\"default\"><\/div><\/div><img decoding=\"async\" loading=\"lazy\" class=\"n2-ss-slide-thumbnail skip-lazy\" data-skip-lazy=\"1\" src=\"\/\/ndbc.fr\/wp-content\/uploads\/2020\/02\/SAVE_20191230_1220512.jpg\" alt=\"SAVE_20191230_122051(2)\"><\/div><div data-slide-duration=\"0\" data-id=\"6\" data-slide-public-id=\"3\" data-title=\"rpt\" class=\"n2-ss-slide n2-ow  n2-ss-slide-6\"><div role=\"note\" class=\"n2-ss-slide--focus\" tabindex=\"-1\">rpt<\/div><div class=\"n2-ss-layers-container n2-ss-slide-limiter n2-ow\"><div class=\"n2-ss-layer n2-ow n-uc-nvbGZeKmKnpF\" data-sstype=\"slide\" data-pm=\"default\"><\/div><\/div><img decoding=\"async\" loading=\"lazy\" class=\"n2-ss-slide-thumbnail skip-lazy\" data-skip-lazy=\"1\" src=\"\/\/ndbc.fr\/wp-content\/uploads\/2020\/02\/photo-NDBC-1.jpg\" alt=\"rpt\"><\/div>                    <\/div>\n\n                                    <\/div>\n            <\/div>\n        <\/div>\n        <div class=\"n2-ss-slider-controls n2-ss-slider-controls-absolute-left-center\"><div style=\"--widget-offset:15px;\" class=\"n2-ss-widget nextend-arrow n2-ow-all nextend-arrow-previous  nextend-arrow-animated-fade\" id=\"n2-ss-1-arrow-previous\" role=\"button\" aria-label=\"previous arrow\" tabindex=\"0\"><img loading=\"lazy\" decoding=\"async\" width=\"32\" height=\"32\" class=\"skip-lazy\" data-skip-lazy=\"1\" src=\"data:image\/svg+xml;base64,PHN2ZyB3aWR0aD0iMzIiIGhlaWdodD0iMzIiIHZpZXdCb3g9IjAgMCAzMiAzMiIgeG1sbnM9Imh0dHA6Ly93d3cudzMub3JnLzIwMDAvc3ZnIj4KICAgIDxwYXRoIGQ9Ik0xMS40MzMgMTUuOTkyTDIyLjY5IDUuNzEyYy4zOTMtLjM5LjM5My0xLjAzIDAtMS40Mi0uMzkzLS4zOS0xLjAzLS4zOS0xLjQyMyAwbC0xMS45OCAxMC45NGMtLjIxLjIxLS4zLjQ5LS4yODUuNzYtLjAxNS4yOC4wNzUuNTYuMjg0Ljc3bDExLjk4IDEwLjk0Yy4zOTMuMzkgMS4wMy4zOSAxLjQyNCAwIC4zOTMtLjQuMzkzLTEuMDMgMC0xLjQybC0xMS4yNTctMTAuMjkiCiAgICAgICAgICBmaWxsPSIjZmZmZmZmIiBvcGFjaXR5PSIwLjgiIGZpbGwtcnVsZT0iZXZlbm9kZCIvPgo8L3N2Zz4=\" alt=\"previous arrow\"><\/div><\/div><div class=\"n2-ss-slider-controls n2-ss-slider-controls-absolute-right-center\"><div style=\"--widget-offset:15px;\" class=\"n2-ss-widget nextend-arrow n2-ow-all nextend-arrow-next  nextend-arrow-animated-fade\" id=\"n2-ss-1-arrow-next\" role=\"button\" aria-label=\"next arrow\" tabindex=\"0\"><img loading=\"lazy\" decoding=\"async\" width=\"32\" height=\"32\" class=\"skip-lazy\" data-skip-lazy=\"1\" src=\"data:image\/svg+xml;base64,PHN2ZyB3aWR0aD0iMzIiIGhlaWdodD0iMzIiIHZpZXdCb3g9IjAgMCAzMiAzMiIgeG1sbnM9Imh0dHA6Ly93d3cudzMub3JnLzIwMDAvc3ZnIj4KICAgIDxwYXRoIGQ9Ik0xMC43MjIgNC4yOTNjLS4zOTQtLjM5LTEuMDMyLS4zOS0xLjQyNyAwLS4zOTMuMzktLjM5MyAxLjAzIDAgMS40MmwxMS4yODMgMTAuMjgtMTEuMjgzIDEwLjI5Yy0uMzkzLjM5LS4zOTMgMS4wMiAwIDEuNDIuMzk1LjM5IDEuMDMzLjM5IDEuNDI3IDBsMTIuMDA3LTEwLjk0Yy4yMS0uMjEuMy0uNDkuMjg0LS43Ny4wMTQtLjI3LS4wNzYtLjU1LS4yODYtLjc2TDEwLjcyIDQuMjkzeiIKICAgICAgICAgIGZpbGw9IiNmZmZmZmYiIG9wYWNpdHk9IjAuOCIgZmlsbC1ydWxlPSJldmVub2RkIi8+Cjwvc3ZnPg==\" alt=\"next arrow\"><\/div><\/div><\/div><div class=\"n2-ss-slider-controls n2-ss-slider-controls-below\"><div style=\"--widget-offset:10px;\" class=\"n2-ss-widget n2-ss-control-bullet n2-ow-all n2-ss-control-bullet-horizontal\"><div class=\" nextend-bullet-bar n2-bar-justify-content-center\" role=\"group\" aria-label=\"Choose slide to display.\"><div class=\"n2-bullet n2-style-98b890a69860771f94d32019bd5202d1-dot \" style=\"visibility:hidden;\"><\/div><\/div><\/div><\/div><\/div><\/div><ss3-loader><\/ss3-loader><\/div><\/div><div class=\"n2_clear\"><\/div><\/div>\n\n\n<p class=\"has-drop-cap\">NOTRE DAME DU BON CONSEIL est un \u00e9tablissement catholique, sous Tutelle de la Congr\u00e9gation de la SAINTE FAMILLE, et ayant sign\u00e9 avec l\u2019Etat un contrat d\u2019association. <\/p>\n\n\n\n<p> L\u2019\u00e9tablissement est ouvert \u00e0 tous, quelles que soient les capacit\u00e9s intellectuelles, quels que soient les moyens financiers, et sans distinction d\u2019origine, d\u2019opinions, de croyances. <\/p>\n\n\n\n<p> Cependant, il affirme son caract\u00e8re d\u2019\u00e9cole catholique et chacun se doit de le respecter. Il veut \u00eatre une grande famille au sein de laquelle Enseignants, Parents, Personnels d\u2019\u00e9ducation et Personnels de service constituent\u00a0la COMMUNAUTE AU SERVICE DES ENFANTS. <\/p>\n\n\n\n<p> <strong>Celle-ci vise \u00e0 faire grandir l\u2019enfant, \u00e0 le faire devenir une personne responsable<\/strong>. <\/p>\n\n\n\n<h2 class=\"wp-block-heading\">  Vivre ensemble <\/h2>\n\n\n\n<p> Notre \u00e9tablissement veut permettre \u00e0 chaque enfant\u00a0: <\/p>\n\n\n\n<ul class=\"wp-block-list\">\n<li>d\u2019accepter les diff\u00e9rences&nbsp;;<\/li>\n\n\n\n<li>de respecter les r\u00e8gles de vie commune&nbsp;;<\/li>\n\n\n\n<li>de s\u2019ouvrir aux autres&nbsp;;<\/li>\n\n\n\n<li>de prendre confiance en soi.<\/li>\n<\/ul>\n\n\n\n<h2 class=\"wp-block-heading\">Devenir solidaire<\/h2>\n\n\n\n<p> Notre \u00e9tablissement propose de\u00a0: <\/p>\n\n\n\n<ul class=\"wp-block-list\">\n<li>d\u00e9velopper l\u2019esprit de partage&nbsp;;<\/li>\n\n\n\n<li>favoriser les initiatives&nbsp;;<\/li>\n\n\n\n<li>donner le go\u00fbt de l\u2019effort&nbsp;;<\/li>\n\n\n\n<li>prendre conscience de ses responsabilit\u00e9s en tant que citoyen et en tant qu\u2019\u00e9l\u00e8ve (droits et devoirs). <\/li>\n<\/ul>\n\n\n\n<h2 class=\"wp-block-heading\">Sur proposition, aider l&#8217;enfant \u00e0 cheminer dans sa rencontre vers Dieu<\/h2>\n\n\n\n<p> Vous \u00eates les premiers responsables de l\u2019\u00e9ducation de la FOI de vos enfants. <\/p>\n\n\n\n<p> Part votre engagement lors d\u2019actions de solidarit\u00e9, vous aidez vos enfants \u00e0 grandir en faisant des choix responsables.  <\/p>\n\n\n\n<p> Nous collaborons \u00e0 cette \u00e9ducation de la FOI. Tout au long de l\u2019ann\u00e9e liturgique, nous proposons des temps forts religieux. <\/p>\n\n\n\n<p>Sur des temps d\u00e9di\u00e9s, nous aidons les enfants \u00e0 comprendre les diff\u00e9rences culturelles et religieuses pour mieux les accepter (culture religieuse).<\/p>\n\n\n\n<p> Sur inscription pr\u00e9alable aux s\u00e9ances de KT, en lien avec la Paroisse, la communaut\u00e9 \u00e9ducative aide les enfants et les adultes \u00e0 vivre au quotidien en coh\u00e9rence avec le message du Christ. <\/p>\n\n\n\n<p><\/p>\n","protected":false},"excerpt":{"rendered":"<p>NOTRE DAME DU BON CONSEIL est un \u00e9tablissement catholique, sous Tutelle de la Congr\u00e9gation de la SAINTE FAMILLE, et ayant sign\u00e9 avec l\u2019Etat un contrat d\u2019association. L\u2019\u00e9tablissement est ouvert \u00e0 tous, quelles que soient les capacit\u00e9s intellectuelles, quels que soient les moyens financiers, et sans distinction d\u2019origine, d\u2019opinions, de croyances. Cependant, il affirme son caract\u00e8re&hellip; <\/p>\n","protected":false},"author":1,"featured_media":0,"parent":36,"menu_order":2,"comment_status":"closed","ping_status":"closed","template":"","meta":{"footnotes":""},"class_list":["post-44","page","type-page","status-publish","hentry"],"yoast_head":"<!-- This site is optimized with the Yoast SEO plugin v14.1 - https:\/\/yoast.com\/wordpress\/plugins\/seo\/ -->\n<title>Projet \u00e9ducatif -<\/title>\n<meta name=\"robots\" content=\"index, follow\" \/>\n<meta name=\"googlebot\" content=\"index, follow, max-snippet:-1, max-image-preview:large, max-video-preview:-1\" \/>\n<meta name=\"bingbot\" content=\"index, follow, max-snippet:-1, max-image-preview:large, max-video-preview:-1\" \/>\n<link rel=\"canonical\" href=\"https:\/\/ndbc.fr\/?page_id=44\" \/>\n<meta property=\"og:locale\" content=\"en_US\" \/>\n<meta property=\"og:type\" content=\"article\" \/>\n<meta property=\"og:title\" content=\"Projet \u00e9ducatif -\" \/>\n<meta property=\"og:description\" content=\"NOTRE DAME DU BON CONSEIL est un \u00e9tablissement catholique, sous Tutelle de la Congr\u00e9gation de la SAINTE FAMILLE, et ayant sign\u00e9 avec l\u2019Etat un contrat d\u2019association. L\u2019\u00e9tablissement est ouvert \u00e0 tous, quelles que soient les capacit\u00e9s intellectuelles, quels que soient les moyens financiers, et sans distinction d\u2019origine, d\u2019opinions, de croyances. Cependant, il affirme son caract\u00e8re&hellip;\" \/>\n<meta property=\"og:url\" content=\"https:\/\/ndbc.fr\/?page_id=44\" \/>\n<meta property=\"article:publisher\" content=\"https:\/\/www.facebook.com\/Notre-Dame-Du-Bon-Conseil-570310056457481\/\" \/>\n<meta property=\"article:modified_time\" content=\"2025-09-16T07:39:35+00:00\" \/>\n<meta name=\"twitter:card\" content=\"summary_large_image\" \/>\n<script type=\"application\/ld+json\" class=\"yoast-schema-graph\">{\"@context\":\"https:\/\/schema.org\",\"@graph\":[{\"@type\":\"Organization\",\"@id\":\"https:\/\/ndbc.fr\/#organization\",\"name\":\"Ecole Notre Dame du Bon Conseil AMIENS\",\"url\":\"https:\/\/ndbc.fr\/\",\"sameAs\":[\"https:\/\/www.facebook.com\/Notre-Dame-Du-Bon-Conseil-570310056457481\/\"],\"logo\":{\"@type\":\"ImageObject\",\"@id\":\"https:\/\/ndbc.fr\/#logo\",\"inLanguage\":\"en-US\",\"url\":\"https:\/\/ndbc.fr\/wp-content\/uploads\/2020\/03\/Fichier-1.png\",\"width\":238,\"height\":512,\"caption\":\"Ecole Notre Dame du Bon Conseil AMIENS\"},\"image\":{\"@id\":\"https:\/\/ndbc.fr\/#logo\"}},{\"@type\":\"WebSite\",\"@id\":\"https:\/\/ndbc.fr\/#website\",\"url\":\"https:\/\/ndbc.fr\/\",\"name\":\"\",\"description\":\"Ecole et Coll\\u00e8ge\",\"publisher\":{\"@id\":\"https:\/\/ndbc.fr\/#organization\"},\"potentialAction\":[{\"@type\":\"SearchAction\",\"target\":\"https:\/\/ndbc.fr\/?s={search_term_string}\",\"query-input\":\"required name=search_term_string\"}],\"inLanguage\":\"en-US\"},{\"@type\":\"WebPage\",\"@id\":\"https:\/\/ndbc.fr\/?page_id=44#webpage\",\"url\":\"https:\/\/ndbc.fr\/?page_id=44\",\"name\":\"Projet \\u00e9ducatif -\",\"isPartOf\":{\"@id\":\"https:\/\/ndbc.fr\/#website\"},\"datePublished\":\"2020-02-27T23:29:54+00:00\",\"dateModified\":\"2025-09-16T07:39:35+00:00\",\"breadcrumb\":{\"@id\":\"https:\/\/ndbc.fr\/?page_id=44#breadcrumb\"},\"inLanguage\":\"en-US\",\"potentialAction\":[{\"@type\":\"ReadAction\",\"target\":[\"https:\/\/ndbc.fr\/?page_id=44\"]}]},{\"@type\":\"BreadcrumbList\",\"@id\":\"https:\/\/ndbc.fr\/?page_id=44#breadcrumb\",\"itemListElement\":[{\"@type\":\"ListItem\",\"position\":1,\"item\":{\"@type\":\"WebPage\",\"@id\":\"https:\/\/ndbc.fr\/\",\"url\":\"https:\/\/ndbc.fr\/\",\"name\":\"Accueil\"}},{\"@type\":\"ListItem\",\"position\":2,\"item\":{\"@type\":\"WebPage\",\"@id\":\"https:\/\/ndbc.fr\/?page_id=36\",\"url\":\"https:\/\/ndbc.fr\/?page_id=36\",\"name\":\"L&rsquo;\\u00e9tablissement NDBC\"}},{\"@type\":\"ListItem\",\"position\":3,\"item\":{\"@type\":\"WebPage\",\"@id\":\"https:\/\/ndbc.fr\/?page_id=44\",\"url\":\"https:\/\/ndbc.fr\/?page_id=44\",\"name\":\"Projet \\u00e9ducatif\"}}]}]}<\/script>\n<!-- \/ Yoast SEO plugin. -->","_links":{"self":[{"href":"https:\/\/ndbc.fr\/index.php?rest_route=\/wp\/v2\/pages\/44","targetHints":{"allow":["GET"]}}],"collection":[{"href":"https:\/\/ndbc.fr\/index.php?rest_route=\/wp\/v2\/pages"}],"about":[{"href":"https:\/\/ndbc.fr\/index.php?rest_route=\/wp\/v2\/types\/page"}],"author":[{"embeddable":true,"href":"https:\/\/ndbc.fr\/index.php?rest_route=\/wp\/v2\/users\/1"}],"replies":[{"embeddable":true,"href":"https:\/\/ndbc.fr\/index.php?rest_route=%2Fwp%2Fv2%2Fcomments&post=44"}],"version-history":[{"count":5,"href":"https:\/\/ndbc.fr\/index.php?rest_route=\/wp\/v2\/pages\/44\/revisions"}],"predecessor-version":[{"id":3211,"href":"https:\/\/ndbc.fr\/index.php?rest_route=\/wp\/v2\/pages\/44\/revisions\/3211"}],"up":[{"embeddable":true,"href":"https:\/\/ndbc.fr\/index.php?rest_route=\/wp\/v2\/pages\/36"}],"wp:attachment":[{"href":"https:\/\/ndbc.fr\/index.php?rest_route=%2Fwp%2Fv2%2Fmedia&parent=44"}],"curies":[{"name":"wp","href":"https:\/\/api.w.org\/{rel}","templated":true}]}}