{"id":3220,"date":"2025-09-16T11:15:12","date_gmt":"2025-09-16T09:15:12","guid":{"rendered":"https:\/\/ndbc.fr\/?page_id=3220"},"modified":"2025-09-16T11:15:51","modified_gmt":"2025-09-16T09:15:51","slug":"amiens-sauvetage","status":"publish","type":"page","link":"https:\/\/ndbc.fr\/?page_id=3220","title":{"rendered":"Amiens Sauvetage"},"content":{"rendered":"\n<p>Le coll\u00e8ge est partenaire d&#8217;Amiens Sauvetage : une quinzaine d&#8217;\u00e9l\u00e8ves choisissent chaque ann\u00e9e de s&#8217;investir dans le sauvetage, sous la forme d&#8217;un emploi du temps am\u00e9nag\u00e9. <\/p>\n\n\n\n<p>Chaque jour, \u00e0 15h30, direction le Colis\u00e9um.<\/p>\n\n\n\n<p>Plus d&#8217;infos ici : <a href=\"https:\/\/www.amienssauvetage.com\/\">https:\/\/www.amienssauvetage.com\/<\/a><\/p>\n","protected":false},"excerpt":{"rendered":"<p>Le coll\u00e8ge est partenaire d&#8217;Amiens Sauvetage : une quinzaine d&#8217;\u00e9l\u00e8ves choisissent chaque ann\u00e9e de s&#8217;investir dans le sauvetage, sous la forme d&#8217;un emploi du temps am\u00e9nag\u00e9. Chaque jour, \u00e0 15h30, direction le Colis\u00e9um. Plus d&#8217;infos ici : https:\/\/www.amienssauvetage.com\/<\/p>\n","protected":false},"author":1,"featured_media":0,"parent":3212,"menu_order":1,"comment_status":"closed","ping_status":"closed","template":"","meta":{"footnotes":""},"class_list":["post-3220","page","type-page","status-publish","hentry"],"yoast_head":"<!-- This site is optimized with the Yoast SEO plugin v14.1 - https:\/\/yoast.com\/wordpress\/plugins\/seo\/ -->\n<title>Amiens Sauvetage -<\/title>\n<meta name=\"robots\" content=\"index, follow\" \/>\n<meta name=\"googlebot\" content=\"index, follow, max-snippet:-1, max-image-preview:large, max-video-preview:-1\" \/>\n<meta name=\"bingbot\" content=\"index, follow, max-snippet:-1, max-image-preview:large, max-video-preview:-1\" \/>\n<link rel=\"canonical\" href=\"https:\/\/ndbc.fr\/?page_id=3220\" \/>\n<meta property=\"og:locale\" content=\"en_US\" \/>\n<meta property=\"og:type\" content=\"article\" \/>\n<meta property=\"og:title\" content=\"Amiens Sauvetage -\" \/>\n<meta property=\"og:description\" content=\"Le coll\u00e8ge est partenaire d&#8217;Amiens Sauvetage : une quinzaine d&#8217;\u00e9l\u00e8ves choisissent chaque ann\u00e9e de s&#8217;investir dans le sauvetage, sous la forme d&#8217;un emploi du temps am\u00e9nag\u00e9. Chaque jour, \u00e0 15h30, direction le Colis\u00e9um. Plus d&#8217;infos ici : https:\/\/www.amienssauvetage.com\/\" \/>\n<meta property=\"og:url\" content=\"https:\/\/ndbc.fr\/?page_id=3220\" \/>\n<meta property=\"article:publisher\" content=\"https:\/\/www.facebook.com\/Notre-Dame-Du-Bon-Conseil-570310056457481\/\" \/>\n<meta property=\"article:modified_time\" content=\"2025-09-16T09:15:51+00:00\" \/>\n<meta name=\"twitter:card\" content=\"summary_large_image\" \/>\n<script type=\"application\/ld+json\" class=\"yoast-schema-graph\">{\"@context\":\"https:\/\/schema.org\",\"@graph\":[{\"@type\":\"Organization\",\"@id\":\"https:\/\/ndbc.fr\/#organization\",\"name\":\"Ecole Notre Dame du Bon Conseil AMIENS\",\"url\":\"https:\/\/ndbc.fr\/\",\"sameAs\":[\"https:\/\/www.facebook.com\/Notre-Dame-Du-Bon-Conseil-570310056457481\/\"],\"logo\":{\"@type\":\"ImageObject\",\"@id\":\"https:\/\/ndbc.fr\/#logo\",\"inLanguage\":\"en-US\",\"url\":\"https:\/\/ndbc.fr\/wp-content\/uploads\/2020\/03\/Fichier-1.png\",\"width\":238,\"height\":512,\"caption\":\"Ecole Notre Dame du Bon Conseil AMIENS\"},\"image\":{\"@id\":\"https:\/\/ndbc.fr\/#logo\"}},{\"@type\":\"WebSite\",\"@id\":\"https:\/\/ndbc.fr\/#website\",\"url\":\"https:\/\/ndbc.fr\/\",\"name\":\"\",\"description\":\"Ecole et Coll\\u00e8ge\",\"publisher\":{\"@id\":\"https:\/\/ndbc.fr\/#organization\"},\"potentialAction\":[{\"@type\":\"SearchAction\",\"target\":\"https:\/\/ndbc.fr\/?s={search_term_string}\",\"query-input\":\"required name=search_term_string\"}],\"inLanguage\":\"en-US\"},{\"@type\":\"WebPage\",\"@id\":\"https:\/\/ndbc.fr\/?page_id=3220#webpage\",\"url\":\"https:\/\/ndbc.fr\/?page_id=3220\",\"name\":\"Amiens Sauvetage -\",\"isPartOf\":{\"@id\":\"https:\/\/ndbc.fr\/#website\"},\"datePublished\":\"2025-09-16T09:15:12+00:00\",\"dateModified\":\"2025-09-16T09:15:51+00:00\",\"breadcrumb\":{\"@id\":\"https:\/\/ndbc.fr\/?page_id=3220#breadcrumb\"},\"inLanguage\":\"en-US\",\"potentialAction\":[{\"@type\":\"ReadAction\",\"target\":[\"https:\/\/ndbc.fr\/?page_id=3220\"]}]},{\"@type\":\"BreadcrumbList\",\"@id\":\"https:\/\/ndbc.fr\/?page_id=3220#breadcrumb\",\"itemListElement\":[{\"@type\":\"ListItem\",\"position\":1,\"item\":{\"@type\":\"WebPage\",\"@id\":\"https:\/\/ndbc.fr\/\",\"url\":\"https:\/\/ndbc.fr\/\",\"name\":\"Accueil\"}},{\"@type\":\"ListItem\",\"position\":2,\"item\":{\"@type\":\"WebPage\",\"@id\":\"https:\/\/ndbc.fr\/?page_id=3212\",\"url\":\"https:\/\/ndbc.fr\/?page_id=3212\",\"name\":\"C\\u00f4t\\u00e9 Coll\\u00e8ge\"}},{\"@type\":\"ListItem\",\"position\":3,\"item\":{\"@type\":\"WebPage\",\"@id\":\"https:\/\/ndbc.fr\/?page_id=3220\",\"url\":\"https:\/\/ndbc.fr\/?page_id=3220\",\"name\":\"Amiens Sauvetage\"}}]}]}<\/script>\n<!-- \/ Yoast SEO plugin. -->","_links":{"self":[{"href":"https:\/\/ndbc.fr\/index.php?rest_route=\/wp\/v2\/pages\/3220","targetHints":{"allow":["GET"]}}],"collection":[{"href":"https:\/\/ndbc.fr\/index.php?rest_route=\/wp\/v2\/pages"}],"about":[{"href":"https:\/\/ndbc.fr\/index.php?rest_route=\/wp\/v2\/types\/page"}],"author":[{"embeddable":true,"href":"https:\/\/ndbc.fr\/index.php?rest_route=\/wp\/v2\/users\/1"}],"replies":[{"embeddable":true,"href":"https:\/\/ndbc.fr\/index.php?rest_route=%2Fwp%2Fv2%2Fcomments&post=3220"}],"version-history":[{"count":1,"href":"https:\/\/ndbc.fr\/index.php?rest_route=\/wp\/v2\/pages\/3220\/revisions"}],"predecessor-version":[{"id":3221,"href":"https:\/\/ndbc.fr\/index.php?rest_route=\/wp\/v2\/pages\/3220\/revisions\/3221"}],"up":[{"embeddable":true,"href":"https:\/\/ndbc.fr\/index.php?rest_route=\/wp\/v2\/pages\/3212"}],"wp:attachment":[{"href":"https:\/\/ndbc.fr\/index.php?rest_route=%2Fwp%2Fv2%2Fmedia&parent=3220"}],"curies":[{"name":"wp","href":"https:\/\/api.w.org\/{rel}","templated":true}]}}