{"id":3003,"date":"2024-08-15T19:10:51","date_gmt":"2024-08-15T17:10:51","guid":{"rendered":"https:\/\/ndbc.fr\/?page_id=3003"},"modified":"2024-08-15T19:14:59","modified_gmt":"2024-08-15T17:14:59","slug":"ndbc-sur-les-reseaux","status":"publish","type":"page","link":"https:\/\/ndbc.fr\/?page_id=3003","title":{"rendered":"Ndbc sur les r\u00e9seaux &#8230;"},"content":{"rendered":"\n<p>Que se passe-t-il \u00e0 l&#8217;\u00e9cole ? Allez faire un tour par ici :<\/p>\n\n\n\n<p>Sur Instagram : ecole.ndbc<\/p>\n\n\n\n<p>Sur Facebook (\u00e0 partir de la rentr\u00e9e 2024) : <a rel=\"noreferrer noopener\" href=\"https:\/\/www.facebook.com\/profile.php?id=61563999059812&amp;locale=fr_FR\" target=\"_blank\">https:\/\/www.facebook.com\/profile.php?id=61563999059812&amp;locale=fr_FR<\/a><\/p>\n","protected":false},"excerpt":{"rendered":"<p>Que se passe-t-il \u00e0 l&#8217;\u00e9cole ? Allez faire un tour par ici : Sur Instagram : ecole.ndbc Sur Facebook (\u00e0 partir de la rentr\u00e9e 2024) : https:\/\/www.facebook.com\/profile.php?id=61563999059812&amp;locale=fr_FR<\/p>\n","protected":false},"author":1,"featured_media":0,"parent":0,"menu_order":3,"comment_status":"closed","ping_status":"closed","template":"","meta":{"footnotes":""},"class_list":["post-3003","page","type-page","status-publish","hentry"],"yoast_head":"<!-- This site is optimized with the Yoast SEO plugin v14.1 - https:\/\/yoast.com\/wordpress\/plugins\/seo\/ -->\n<title>Ndbc sur les r\u00e9seaux ... - Ensemble scolaire Notre Dame du Bon Conseil<\/title>\n<meta name=\"robots\" content=\"index, follow\" \/>\n<meta name=\"googlebot\" content=\"index, follow, max-snippet:-1, max-image-preview:large, max-video-preview:-1\" \/>\n<meta name=\"bingbot\" content=\"index, follow, max-snippet:-1, max-image-preview:large, max-video-preview:-1\" \/>\n<link rel=\"canonical\" href=\"https:\/\/ndbc.fr\/?page_id=3003\" \/>\n<meta property=\"og:locale\" content=\"en_US\" \/>\n<meta property=\"og:type\" content=\"article\" \/>\n<meta property=\"og:title\" content=\"Ndbc sur les r\u00e9seaux ... - Ensemble scolaire Notre Dame du Bon Conseil\" \/>\n<meta property=\"og:description\" content=\"Que se passe-t-il \u00e0 l&#8217;\u00e9cole ? Allez faire un tour par ici : Sur Instagram : ecole.ndbc Sur Facebook (\u00e0 partir de la rentr\u00e9e 2024) : https:\/\/www.facebook.com\/profile.php?id=61563999059812&amp;locale=fr_FR\" \/>\n<meta property=\"og:url\" content=\"https:\/\/ndbc.fr\/?page_id=3003\" \/>\n<meta property=\"og:site_name\" content=\"Ensemble scolaire Notre Dame du Bon Conseil\" \/>\n<meta property=\"article:publisher\" content=\"https:\/\/www.facebook.com\/Notre-Dame-Du-Bon-Conseil-570310056457481\/\" \/>\n<meta property=\"article:modified_time\" content=\"2024-08-15T17:14:59+00:00\" \/>\n<meta name=\"twitter:card\" content=\"summary_large_image\" \/>\n<script type=\"application\/ld+json\" class=\"yoast-schema-graph\">{\"@context\":\"https:\/\/schema.org\",\"@graph\":[{\"@type\":\"Organization\",\"@id\":\"https:\/\/ndbc.fr\/#organization\",\"name\":\"Ecole Notre Dame du Bon Conseil AMIENS\",\"url\":\"https:\/\/ndbc.fr\/\",\"sameAs\":[\"https:\/\/www.facebook.com\/Notre-Dame-Du-Bon-Conseil-570310056457481\/\"],\"logo\":{\"@type\":\"ImageObject\",\"@id\":\"https:\/\/ndbc.fr\/#logo\",\"inLanguage\":\"en-US\",\"url\":\"https:\/\/ndbc.fr\/wp-content\/uploads\/2020\/03\/Fichier-1.png\",\"width\":238,\"height\":512,\"caption\":\"Ecole Notre Dame du Bon Conseil AMIENS\"},\"image\":{\"@id\":\"https:\/\/ndbc.fr\/#logo\"}},{\"@type\":\"WebSite\",\"@id\":\"https:\/\/ndbc.fr\/#website\",\"url\":\"https:\/\/ndbc.fr\/\",\"name\":\"Ensemble scolaire Notre Dame du Bon Conseil\",\"description\":\"Ecole et Coll\\u00e8ge\",\"publisher\":{\"@id\":\"https:\/\/ndbc.fr\/#organization\"},\"potentialAction\":[{\"@type\":\"SearchAction\",\"target\":\"https:\/\/ndbc.fr\/?s={search_term_string}\",\"query-input\":\"required name=search_term_string\"}],\"inLanguage\":\"en-US\"},{\"@type\":\"WebPage\",\"@id\":\"https:\/\/ndbc.fr\/?page_id=3003#webpage\",\"url\":\"https:\/\/ndbc.fr\/?page_id=3003\",\"name\":\"Ndbc sur les r\\u00e9seaux ... - Ensemble scolaire Notre Dame du Bon Conseil\",\"isPartOf\":{\"@id\":\"https:\/\/ndbc.fr\/#website\"},\"datePublished\":\"2024-08-15T17:10:51+00:00\",\"dateModified\":\"2024-08-15T17:14:59+00:00\",\"breadcrumb\":{\"@id\":\"https:\/\/ndbc.fr\/?page_id=3003#breadcrumb\"},\"inLanguage\":\"en-US\",\"potentialAction\":[{\"@type\":\"ReadAction\",\"target\":[\"https:\/\/ndbc.fr\/?page_id=3003\"]}]},{\"@type\":\"BreadcrumbList\",\"@id\":\"https:\/\/ndbc.fr\/?page_id=3003#breadcrumb\",\"itemListElement\":[{\"@type\":\"ListItem\",\"position\":1,\"item\":{\"@type\":\"WebPage\",\"@id\":\"https:\/\/ndbc.fr\/\",\"url\":\"https:\/\/ndbc.fr\/\",\"name\":\"Accueil\"}},{\"@type\":\"ListItem\",\"position\":2,\"item\":{\"@type\":\"WebPage\",\"@id\":\"https:\/\/ndbc.fr\/?page_id=3003\",\"url\":\"https:\/\/ndbc.fr\/?page_id=3003\",\"name\":\"Ndbc sur les r\\u00e9seaux &#8230;\"}}]}]}<\/script>\n<!-- \/ Yoast SEO plugin. -->","_links":{"self":[{"href":"https:\/\/ndbc.fr\/index.php?rest_route=\/wp\/v2\/pages\/3003","targetHints":{"allow":["GET"]}}],"collection":[{"href":"https:\/\/ndbc.fr\/index.php?rest_route=\/wp\/v2\/pages"}],"about":[{"href":"https:\/\/ndbc.fr\/index.php?rest_route=\/wp\/v2\/types\/page"}],"author":[{"embeddable":true,"href":"https:\/\/ndbc.fr\/index.php?rest_route=\/wp\/v2\/users\/1"}],"replies":[{"embeddable":true,"href":"https:\/\/ndbc.fr\/index.php?rest_route=%2Fwp%2Fv2%2Fcomments&post=3003"}],"version-history":[{"count":2,"href":"https:\/\/ndbc.fr\/index.php?rest_route=\/wp\/v2\/pages\/3003\/revisions"}],"predecessor-version":[{"id":3005,"href":"https:\/\/ndbc.fr\/index.php?rest_route=\/wp\/v2\/pages\/3003\/revisions\/3005"}],"wp:attachment":[{"href":"https:\/\/ndbc.fr\/index.php?rest_route=%2Fwp%2Fv2%2Fmedia&parent=3003"}],"curies":[{"name":"wp","href":"https:\/\/api.w.org\/{rel}","templated":true}]}}