{"id":2800,"date":"2023-06-30T15:50:16","date_gmt":"2023-06-30T13:50:16","guid":{"rendered":"https:\/\/ndbc.fr\/?page_id=2800"},"modified":"2025-08-21T15:25:30","modified_gmt":"2025-08-21T13:25:30","slug":"circulaire-de-rentree-2023","status":"publish","type":"page","link":"https:\/\/ndbc.fr\/?page_id=2800","title":{"rendered":"Circulaire de rentr\u00e9e 2025"},"content":{"rendered":"\n<p>Pour t\u00e9l\u00e9charger la circulaire de rentr\u00e9e 2025 cliquez sur le lien ci-dessous <\/p>\n\n\n\n<figure class=\"wp-block-image size-full\"><img loading=\"lazy\" decoding=\"async\" width=\"798\" height=\"871\" src=\"https:\/\/ndbc.fr\/wp-content\/uploads\/2025\/08\/Circulaire-PDF.png\" alt=\"\" class=\"wp-image-3178\" srcset=\"https:\/\/ndbc.fr\/wp-content\/uploads\/2025\/08\/Circulaire-PDF.png 798w, https:\/\/ndbc.fr\/wp-content\/uploads\/2025\/08\/Circulaire-PDF-275x300.png 275w, https:\/\/ndbc.fr\/wp-content\/uploads\/2025\/08\/Circulaire-PDF-768x838.png 768w\" sizes=\"auto, (max-width: 798px) 100vw, 798px\" \/><\/figure>\n","protected":false},"excerpt":{"rendered":"<p>Pour t\u00e9l\u00e9charger la circulaire de rentr\u00e9e 2025 cliquez sur le lien ci-dessous<\/p>\n","protected":false},"author":1,"featured_media":0,"parent":23,"menu_order":0,"comment_status":"closed","ping_status":"closed","template":"","meta":{"footnotes":""},"class_list":["post-2800","page","type-page","status-publish","hentry"],"yoast_head":"<!-- This site is optimized with the Yoast SEO plugin v14.1 - https:\/\/yoast.com\/wordpress\/plugins\/seo\/ -->\n<title>Circulaire de rentr\u00e9e 2025 -<\/title>\n<meta name=\"robots\" content=\"index, follow\" \/>\n<meta name=\"googlebot\" content=\"index, follow, max-snippet:-1, max-image-preview:large, max-video-preview:-1\" \/>\n<meta name=\"bingbot\" content=\"index, follow, max-snippet:-1, max-image-preview:large, max-video-preview:-1\" \/>\n<link rel=\"canonical\" href=\"https:\/\/ndbc.fr\/?page_id=2800\" \/>\n<meta property=\"og:locale\" content=\"en_US\" \/>\n<meta property=\"og:type\" content=\"article\" \/>\n<meta property=\"og:title\" content=\"Circulaire de rentr\u00e9e 2025 -\" \/>\n<meta property=\"og:description\" content=\"Pour t\u00e9l\u00e9charger la circulaire de rentr\u00e9e 2025 cliquez sur le lien ci-dessous\" \/>\n<meta property=\"og:url\" content=\"https:\/\/ndbc.fr\/?page_id=2800\" \/>\n<meta property=\"article:publisher\" content=\"https:\/\/www.facebook.com\/Notre-Dame-Du-Bon-Conseil-570310056457481\/\" \/>\n<meta property=\"article:modified_time\" content=\"2025-08-21T13:25:30+00:00\" \/>\n<meta property=\"og:image\" content=\"https:\/\/ndbc.fr\/wp-content\/uploads\/2025\/08\/Circulaire-PDF.png\" \/>\n<meta name=\"twitter:card\" content=\"summary_large_image\" \/>\n<script type=\"application\/ld+json\" class=\"yoast-schema-graph\">{\"@context\":\"https:\/\/schema.org\",\"@graph\":[{\"@type\":\"Organization\",\"@id\":\"https:\/\/ndbc.fr\/#organization\",\"name\":\"Ecole Notre Dame du Bon Conseil AMIENS\",\"url\":\"https:\/\/ndbc.fr\/\",\"sameAs\":[\"https:\/\/www.facebook.com\/Notre-Dame-Du-Bon-Conseil-570310056457481\/\"],\"logo\":{\"@type\":\"ImageObject\",\"@id\":\"https:\/\/ndbc.fr\/#logo\",\"inLanguage\":\"en-US\",\"url\":\"https:\/\/ndbc.fr\/wp-content\/uploads\/2020\/03\/Fichier-1.png\",\"width\":238,\"height\":512,\"caption\":\"Ecole Notre Dame du Bon Conseil AMIENS\"},\"image\":{\"@id\":\"https:\/\/ndbc.fr\/#logo\"}},{\"@type\":\"WebSite\",\"@id\":\"https:\/\/ndbc.fr\/#website\",\"url\":\"https:\/\/ndbc.fr\/\",\"name\":\"\",\"description\":\"Ecole et Coll\\u00e8ge\",\"publisher\":{\"@id\":\"https:\/\/ndbc.fr\/#organization\"},\"potentialAction\":[{\"@type\":\"SearchAction\",\"target\":\"https:\/\/ndbc.fr\/?s={search_term_string}\",\"query-input\":\"required name=search_term_string\"}],\"inLanguage\":\"en-US\"},{\"@type\":\"ImageObject\",\"@id\":\"https:\/\/ndbc.fr\/?page_id=2800#primaryimage\",\"inLanguage\":\"en-US\",\"url\":\"https:\/\/ndbc.fr\/wp-content\/uploads\/2025\/08\/Circulaire-PDF.png\",\"width\":798,\"height\":871},{\"@type\":\"WebPage\",\"@id\":\"https:\/\/ndbc.fr\/?page_id=2800#webpage\",\"url\":\"https:\/\/ndbc.fr\/?page_id=2800\",\"name\":\"Circulaire de rentr\\u00e9e 2025 -\",\"isPartOf\":{\"@id\":\"https:\/\/ndbc.fr\/#website\"},\"primaryImageOfPage\":{\"@id\":\"https:\/\/ndbc.fr\/?page_id=2800#primaryimage\"},\"datePublished\":\"2023-06-30T13:50:16+00:00\",\"dateModified\":\"2025-08-21T13:25:30+00:00\",\"breadcrumb\":{\"@id\":\"https:\/\/ndbc.fr\/?page_id=2800#breadcrumb\"},\"inLanguage\":\"en-US\",\"potentialAction\":[{\"@type\":\"ReadAction\",\"target\":[\"https:\/\/ndbc.fr\/?page_id=2800\"]}]},{\"@type\":\"BreadcrumbList\",\"@id\":\"https:\/\/ndbc.fr\/?page_id=2800#breadcrumb\",\"itemListElement\":[{\"@type\":\"ListItem\",\"position\":1,\"item\":{\"@type\":\"WebPage\",\"@id\":\"https:\/\/ndbc.fr\/\",\"url\":\"https:\/\/ndbc.fr\/\",\"name\":\"Accueil\"}},{\"@type\":\"ListItem\",\"position\":2,\"item\":{\"@type\":\"WebPage\",\"@id\":\"https:\/\/ndbc.fr\/?page_id=23\",\"url\":\"https:\/\/ndbc.fr\/?page_id=23\",\"name\":\"C\\u00f4t\\u00e9 \\u00e9cole\"}},{\"@type\":\"ListItem\",\"position\":3,\"item\":{\"@type\":\"WebPage\",\"@id\":\"https:\/\/ndbc.fr\/?page_id=2800\",\"url\":\"https:\/\/ndbc.fr\/?page_id=2800\",\"name\":\"Circulaire de rentr\\u00e9e 2025\"}}]}]}<\/script>\n<!-- \/ Yoast SEO plugin. -->","_links":{"self":[{"href":"https:\/\/ndbc.fr\/index.php?rest_route=\/wp\/v2\/pages\/2800","targetHints":{"allow":["GET"]}}],"collection":[{"href":"https:\/\/ndbc.fr\/index.php?rest_route=\/wp\/v2\/pages"}],"about":[{"href":"https:\/\/ndbc.fr\/index.php?rest_route=\/wp\/v2\/types\/page"}],"author":[{"embeddable":true,"href":"https:\/\/ndbc.fr\/index.php?rest_route=\/wp\/v2\/users\/1"}],"replies":[{"embeddable":true,"href":"https:\/\/ndbc.fr\/index.php?rest_route=%2Fwp%2Fv2%2Fcomments&post=2800"}],"version-history":[{"count":3,"href":"https:\/\/ndbc.fr\/index.php?rest_route=\/wp\/v2\/pages\/2800\/revisions"}],"predecessor-version":[{"id":3179,"href":"https:\/\/ndbc.fr\/index.php?rest_route=\/wp\/v2\/pages\/2800\/revisions\/3179"}],"up":[{"embeddable":true,"href":"https:\/\/ndbc.fr\/index.php?rest_route=\/wp\/v2\/pages\/23"}],"wp:attachment":[{"href":"https:\/\/ndbc.fr\/index.php?rest_route=%2Fwp%2Fv2%2Fmedia&parent=2800"}],"curies":[{"name":"wp","href":"https:\/\/api.w.org\/{rel}","templated":true}]}}