{"id":46,"date":"2020-02-28T00:33:04","date_gmt":"2020-02-27T23:33:04","guid":{"rendered":"http:\/\/ndbc.fr\/?page_id=46"},"modified":"2020-02-28T00:33:04","modified_gmt":"2020-02-27T23:33:04","slug":"histoire-de-la-fondatrice","status":"publish","type":"page","link":"http:\/\/ndbc.fr\/?page_id=46","title":{"rendered":"Histoire de la fondatrice"},"content":{"rendered":"\n<figure class=\"wp-block-image size-large\"><img loading=\"lazy\" decoding=\"async\" width=\"300\" height=\"270\" src=\"http:\/\/ndbc.fr\/wp-content\/uploads\/2020\/02\/w-jacoulet-vocation-300x270-1.jpg\" alt=\"\" class=\"wp-image-47\"\/><\/figure>\n\n\n\n<p>\n\nJeanne-Claude Jacoulet (1772-1836)<\/p>\n\n\n\n<p>Jeanne-Claude Jacoulet est n\u00e9e en 1772, en Franche Comt\u00e9, dans la r\u00e9gion de Besan\u00e7on.<\/p>\n\n\n\n<p>Entour\u00e9e de ses parents, qui \u00e9taient de modestes jardiniers et de ses fr\u00e8res et s\u0153urs, Jeanne-Claude re\u00e7oit une solide \u00e9ducation chr\u00e9tienne. Elle n\u2019est pas \u00e9pargn\u00e9e par les \u00e9preuves. Orpheline \u00e0 treize ans, elle est oblig\u00e9e de subvenir \u00e0 ses besoins.<\/p>\n\n\n\n<p><strong><em>Remettez tout entre les mains de Dieu<\/em><\/strong><em><br>Demeurons en paix, quoiqu\u2019il arrive, sous la conduite du Seigneur, et sous les ailes de son adorable Providence qui sans cesse veille sur nous et sur nos besoins.<\/em><\/p>\n\n\n\n<p>Pendant la R\u00e9volution de 1789, Jeanne-Claude participe activement \u00e0 la r\u00e9sistance spirituelle, vive en Franche Comt\u00e9.&nbsp;Elle cache et sauve l\u2019Abb\u00e9 Jean-Antoine Maire (1766-1801) qui par la suite l\u2019accompagne sur le plan spirituel. Ne pouvant r\u00e9aliser son r\u00eave de devenir religieuse, puisque le gouvernement r\u00e9volutionnaire a supprim\u00e9 ordres et monast\u00e8res, elle \u00e9pouse un jeune commer\u00e7ant alsacien, Joseph Fuchs.<\/p>\n\n\n\n<p>Leur fils Jean-Fran\u00e7ois, na\u00eet en novembre 1795. En janvier 1796, Joseph Fuchs obtient un passeport pour se rendre en Suisse.&nbsp;Il trouve la mort au cours du voyage.<\/p>\n\n\n\n<p>Jeanne-Claude reste en relation avec l\u2019Abb\u00e9 Maire. Celui-ci souhaite pouvoir rassembler les enfants en \u00e2ge de faire leur premi\u00e8re communion et faire des assembl\u00e9es de retraite pour les cat\u00e9chiser. Mais la R\u00e9volution n\u2019est pas termin\u00e9e, toute activit\u00e9 religieuse est suspect\u00e9e et r\u00e9prim\u00e9e. Pour favoriser ces r\u00e9unions clandestines, Jeanne-Claude ouvre \u00e0 Besan\u00e7on une petite \u00e9cole, recens\u00e9e en 1798 comme \u00ab\u00e9cole de la veuve Fuchs\u00bb. Elle apprend aux jeunes filles \u00e0 lire, \u00e9crire, compter, coudre, tricoter. Mais elle y fait&nbsp; aussi le cat\u00e9chisme. Plusieurs personnes se joignent \u00e0 elle.<\/p>\n\n\n\n<p>Ainsi nait l\u2019association Sainte Famille dont le but \u00e9volue et se pr\u00e9cise. Elle veut :<\/p>\n\n\n\n<ol class=\"wp-block-list\"><li>entreprendre l\u2019\u00e9ducation des jeunes filles pauvres pour les former au travail et leur apprendre un m\u00e9tier .<\/li><li>former des ma\u00eetresses d\u2019\u00e9cole pour les campagnes.<\/li><\/ol>\n\n\n\n<p>En 1803, Jeanne-Claude Jacoulet fait profession religieuse et devient&nbsp;<strong>S\u0153ur Marie-Joseph,&nbsp;<\/strong>puis<strong>&nbsp;M\u00e8re Marie-Joseph.<\/strong>&nbsp;L\u2019association qu\u2019elle dirige, connue sous le vocable de<strong>&nbsp;\u00ab&nbsp;Sainte-Famille&nbsp;\u00bb<\/strong>&nbsp;se transforme alors en&nbsp; communaut\u00e9 religieuse.<\/p>\n\n\n\n<p><em>Du c\u0153ur de J\u00e9sus tout br\u00fblant d\u2019amour<strong>, elles apprendront \u00e0 s\u2019entr\u2019aimer, et \u00e0 aimer tous les hommes,&nbsp;<\/strong>cr\u00e9\u00e9s \u00e0 l\u2019image de Dieu.<\/em><\/p>\n\n\n\n<p>Cette communaut\u00e9 est appel\u00e9e \u00e0 \u00e9tendre son \u0153uvre \u00e0 d\u2019autres r\u00e9gions. C\u2019est ainsi que les s\u0153urs de la Sainte-Famille gagnent le Midi et le Nord de la France : Amiens en 1817, Bourges en 1822,&nbsp; Lille en 1824, Nevers en 1827.<\/p>\n\n\n\n<p>Chaque maison rassemble une communaut\u00e9 de religieuses, l\u2019\u0153uvre de formation des ma\u00eetresses d\u2019\u00e9coles pour les campagnes et un pensionnat.<\/p>\n\n\n\n<p>Jusqu\u2019au soir de sa vie, M\u00e8re Marie-Joseph anime, soutient, donne l\u2019exemple le plus pur.<\/p>\n\n\n\n<p>Des milliers de jeunes filles grandiront \u00e0 sa lumi\u00e8re.<\/p>\n\n\n\n<div class=\"wp-block-file\"><a href=\"http:\/\/ndbc.fr\/wp-content\/uploads\/2020\/02\/bd-mere-jacoulet.pdf\">L&#8217;histoire de la fondatrice<\/a><a href=\"http:\/\/ndbc.fr\/wp-content\/uploads\/2020\/02\/bd-mere-jacoulet.pdf\" class=\"wp-block-file__button\" download>T\u00e9l\u00e9charger<\/a><\/div>\n\n\n\n<p><\/p>\n","protected":false},"excerpt":{"rendered":"<p>Jeanne-Claude Jacoulet (1772-1836) Jeanne-Claude Jacoulet est n\u00e9e en 1772, en Franche Comt\u00e9, dans la r\u00e9gion de Besan\u00e7on. Entour\u00e9e de ses parents, qui \u00e9taient de modestes jardiniers et de ses fr\u00e8res et s\u0153urs, Jeanne-Claude re\u00e7oit une solide \u00e9ducation chr\u00e9tienne. Elle n\u2019est pas \u00e9pargn\u00e9e par les \u00e9preuves. Orpheline \u00e0 treize ans, elle est oblig\u00e9e de subvenir \u00e0&hellip; <\/p>\n","protected":false},"author":1,"featured_media":0,"parent":36,"menu_order":3,"comment_status":"closed","ping_status":"closed","template":"","meta":{"footnotes":""},"class_list":["post-46","page","type-page","status-publish","hentry"],"yoast_head":"<!-- This site is optimized with the Yoast SEO plugin v14.1 - https:\/\/yoast.com\/wordpress\/plugins\/seo\/ -->\n<title>Histoire de la fondatrice -<\/title>\n<meta name=\"robots\" content=\"index, follow\" \/>\n<meta name=\"googlebot\" content=\"index, follow, max-snippet:-1, max-image-preview:large, max-video-preview:-1\" \/>\n<meta name=\"bingbot\" content=\"index, follow, max-snippet:-1, max-image-preview:large, max-video-preview:-1\" \/>\n<link rel=\"canonical\" href=\"https:\/\/ndbc.fr\/?page_id=46\" \/>\n<meta property=\"og:locale\" content=\"en_US\" \/>\n<meta property=\"og:type\" content=\"article\" \/>\n<meta property=\"og:title\" content=\"Histoire de la fondatrice -\" \/>\n<meta property=\"og:description\" content=\"Jeanne-Claude Jacoulet (1772-1836) Jeanne-Claude Jacoulet est n\u00e9e en 1772, en Franche Comt\u00e9, dans la r\u00e9gion de Besan\u00e7on. Entour\u00e9e de ses parents, qui \u00e9taient de modestes jardiniers et de ses fr\u00e8res et s\u0153urs, Jeanne-Claude re\u00e7oit une solide \u00e9ducation chr\u00e9tienne. Elle n\u2019est pas \u00e9pargn\u00e9e par les \u00e9preuves. Orpheline \u00e0 treize ans, elle est oblig\u00e9e de subvenir \u00e0&hellip;\" \/>\n<meta property=\"og:url\" content=\"https:\/\/ndbc.fr\/?page_id=46\" \/>\n<meta property=\"article:publisher\" content=\"https:\/\/www.facebook.com\/Notre-Dame-Du-Bon-Conseil-570310056457481\/\" \/>\n<meta property=\"og:image\" content=\"http:\/\/ndbc.fr\/wp-content\/uploads\/2020\/02\/w-jacoulet-vocation-300x270-1.jpg\" \/>\n<meta name=\"twitter:card\" content=\"summary_large_image\" \/>\n<script type=\"application\/ld+json\" class=\"yoast-schema-graph\">{\"@context\":\"https:\/\/schema.org\",\"@graph\":[{\"@type\":\"Organization\",\"@id\":\"http:\/\/ndbc.fr\/#organization\",\"name\":\"Ecole Notre Dame du Bon Conseil AMIENS\",\"url\":\"http:\/\/ndbc.fr\/\",\"sameAs\":[\"https:\/\/www.facebook.com\/Notre-Dame-Du-Bon-Conseil-570310056457481\/\"],\"logo\":{\"@type\":\"ImageObject\",\"@id\":\"http:\/\/ndbc.fr\/#logo\",\"inLanguage\":\"en-US\",\"url\":\"http:\/\/ndbc.fr\/wp-content\/uploads\/2020\/03\/Fichier-1.png\",\"width\":238,\"height\":512,\"caption\":\"Ecole Notre Dame du Bon Conseil AMIENS\"},\"image\":{\"@id\":\"http:\/\/ndbc.fr\/#logo\"}},{\"@type\":\"WebSite\",\"@id\":\"http:\/\/ndbc.fr\/#website\",\"url\":\"http:\/\/ndbc.fr\/\",\"name\":\"\",\"description\":\"Ecole et Coll\\u00e8ge\",\"publisher\":{\"@id\":\"http:\/\/ndbc.fr\/#organization\"},\"potentialAction\":[{\"@type\":\"SearchAction\",\"target\":\"http:\/\/ndbc.fr\/?s={search_term_string}\",\"query-input\":\"required name=search_term_string\"}],\"inLanguage\":\"en-US\"},{\"@type\":\"ImageObject\",\"@id\":\"https:\/\/ndbc.fr\/?page_id=46#primaryimage\",\"inLanguage\":\"en-US\",\"url\":\"http:\/\/ndbc.fr\/wp-content\/uploads\/2020\/02\/w-jacoulet-vocation-300x270-1.jpg\",\"width\":300,\"height\":270},{\"@type\":\"WebPage\",\"@id\":\"https:\/\/ndbc.fr\/?page_id=46#webpage\",\"url\":\"https:\/\/ndbc.fr\/?page_id=46\",\"name\":\"Histoire de la fondatrice -\",\"isPartOf\":{\"@id\":\"http:\/\/ndbc.fr\/#website\"},\"primaryImageOfPage\":{\"@id\":\"https:\/\/ndbc.fr\/?page_id=46#primaryimage\"},\"datePublished\":\"2020-02-27T23:33:04+00:00\",\"dateModified\":\"2020-02-27T23:33:04+00:00\",\"breadcrumb\":{\"@id\":\"https:\/\/ndbc.fr\/?page_id=46#breadcrumb\"},\"inLanguage\":\"en-US\",\"potentialAction\":[{\"@type\":\"ReadAction\",\"target\":[\"https:\/\/ndbc.fr\/?page_id=46\"]}]},{\"@type\":\"BreadcrumbList\",\"@id\":\"https:\/\/ndbc.fr\/?page_id=46#breadcrumb\",\"itemListElement\":[{\"@type\":\"ListItem\",\"position\":1,\"item\":{\"@type\":\"WebPage\",\"@id\":\"https:\/\/ndbc.fr\/\",\"url\":\"https:\/\/ndbc.fr\/\",\"name\":\"Accueil\"}},{\"@type\":\"ListItem\",\"position\":2,\"item\":{\"@type\":\"WebPage\",\"@id\":\"https:\/\/ndbc.fr\/?page_id=36\",\"url\":\"https:\/\/ndbc.fr\/?page_id=36\",\"name\":\"L&rsquo;\\u00e9tablissement NDBC\"}},{\"@type\":\"ListItem\",\"position\":3,\"item\":{\"@type\":\"WebPage\",\"@id\":\"https:\/\/ndbc.fr\/?page_id=46\",\"url\":\"https:\/\/ndbc.fr\/?page_id=46\",\"name\":\"Histoire de la fondatrice\"}}]}]}<\/script>\n<!-- \/ Yoast SEO plugin. -->","_links":{"self":[{"href":"http:\/\/ndbc.fr\/index.php?rest_route=\/wp\/v2\/pages\/46","targetHints":{"allow":["GET"]}}],"collection":[{"href":"http:\/\/ndbc.fr\/index.php?rest_route=\/wp\/v2\/pages"}],"about":[{"href":"http:\/\/ndbc.fr\/index.php?rest_route=\/wp\/v2\/types\/page"}],"author":[{"embeddable":true,"href":"http:\/\/ndbc.fr\/index.php?rest_route=\/wp\/v2\/users\/1"}],"replies":[{"embeddable":true,"href":"http:\/\/ndbc.fr\/index.php?rest_route=%2Fwp%2Fv2%2Fcomments&post=46"}],"version-history":[{"count":1,"href":"http:\/\/ndbc.fr\/index.php?rest_route=\/wp\/v2\/pages\/46\/revisions"}],"predecessor-version":[{"id":49,"href":"http:\/\/ndbc.fr\/index.php?rest_route=\/wp\/v2\/pages\/46\/revisions\/49"}],"up":[{"embeddable":true,"href":"http:\/\/ndbc.fr\/index.php?rest_route=\/wp\/v2\/pages\/36"}],"wp:attachment":[{"href":"http:\/\/ndbc.fr\/index.php?rest_route=%2Fwp%2Fv2%2Fmedia&parent=46"}],"curies":[{"name":"wp","href":"https:\/\/api.w.org\/{rel}","templated":true}]}}