{"id":3212,"date":"2025-09-16T09:41:40","date_gmt":"2025-09-16T07:41:40","guid":{"rendered":"https:\/\/ndbc.fr\/?page_id=3212"},"modified":"2025-10-30T17:25:03","modified_gmt":"2025-10-30T16:25:03","slug":"cote-college","status":"publish","type":"page","link":"http:\/\/ndbc.fr\/?page_id=3212","title":{"rendered":"C\u00f4t\u00e9 Coll\u00e8ge"},"content":{"rendered":"\n<p>Le coll\u00e8ge accueille 12 classes (3 classes par niveau, de la 6\u00e8me \u00e0 la 3\u00e8me), pour environ 300 \u00e9l\u00e8ves. Nous disposons \u00e9galement d&#8217;un dispositif ULIS, qui prend en charge les enfants pr\u00e9sentant des troubles cognitifs, relevant de la MDPH. <\/p>\n","protected":false},"excerpt":{"rendered":"<p>Le coll\u00e8ge accueille 12 classes (3 classes par niveau, de la 6\u00e8me \u00e0 la 3\u00e8me), pour environ 300 \u00e9l\u00e8ves. Nous disposons \u00e9galement d&#8217;un dispositif ULIS, qui prend en charge les enfants pr\u00e9sentant des troubles cognitifs, relevant de la MDPH.<\/p>\n","protected":false},"author":1,"featured_media":0,"parent":0,"menu_order":3,"comment_status":"closed","ping_status":"closed","template":"","meta":{"footnotes":""},"class_list":["post-3212","page","type-page","status-publish","hentry"],"yoast_head":"<!-- This site is optimized with the Yoast SEO plugin v14.1 - https:\/\/yoast.com\/wordpress\/plugins\/seo\/ -->\n<title>C\u00f4t\u00e9 Coll\u00e8ge -<\/title>\n<meta name=\"robots\" content=\"index, follow\" \/>\n<meta name=\"googlebot\" content=\"index, follow, max-snippet:-1, max-image-preview:large, max-video-preview:-1\" \/>\n<meta name=\"bingbot\" content=\"index, follow, max-snippet:-1, max-image-preview:large, max-video-preview:-1\" \/>\n<link rel=\"canonical\" href=\"https:\/\/ndbc.fr\/?page_id=3212\" \/>\n<meta property=\"og:locale\" content=\"en_US\" \/>\n<meta property=\"og:type\" content=\"article\" \/>\n<meta property=\"og:title\" content=\"C\u00f4t\u00e9 Coll\u00e8ge -\" \/>\n<meta property=\"og:description\" content=\"Le coll\u00e8ge accueille 12 classes (3 classes par niveau, de la 6\u00e8me \u00e0 la 3\u00e8me), pour environ 300 \u00e9l\u00e8ves. Nous disposons \u00e9galement d&#8217;un dispositif ULIS, qui prend en charge les enfants pr\u00e9sentant des troubles cognitifs, relevant de la MDPH.\" \/>\n<meta property=\"og:url\" content=\"https:\/\/ndbc.fr\/?page_id=3212\" \/>\n<meta property=\"article:publisher\" content=\"https:\/\/www.facebook.com\/Notre-Dame-Du-Bon-Conseil-570310056457481\/\" \/>\n<meta property=\"article:modified_time\" content=\"2025-10-30T16:25:03+00:00\" \/>\n<meta name=\"twitter:card\" content=\"summary_large_image\" \/>\n<script type=\"application\/ld+json\" class=\"yoast-schema-graph\">{\"@context\":\"https:\/\/schema.org\",\"@graph\":[{\"@type\":\"Organization\",\"@id\":\"http:\/\/ndbc.fr\/#organization\",\"name\":\"Ecole Notre Dame du Bon Conseil AMIENS\",\"url\":\"http:\/\/ndbc.fr\/\",\"sameAs\":[\"https:\/\/www.facebook.com\/Notre-Dame-Du-Bon-Conseil-570310056457481\/\"],\"logo\":{\"@type\":\"ImageObject\",\"@id\":\"http:\/\/ndbc.fr\/#logo\",\"inLanguage\":\"en-US\",\"url\":\"http:\/\/ndbc.fr\/wp-content\/uploads\/2020\/03\/Fichier-1.png\",\"width\":238,\"height\":512,\"caption\":\"Ecole Notre Dame du Bon Conseil AMIENS\"},\"image\":{\"@id\":\"http:\/\/ndbc.fr\/#logo\"}},{\"@type\":\"WebSite\",\"@id\":\"http:\/\/ndbc.fr\/#website\",\"url\":\"http:\/\/ndbc.fr\/\",\"name\":\"\",\"description\":\"Ecole et Coll\\u00e8ge\",\"publisher\":{\"@id\":\"http:\/\/ndbc.fr\/#organization\"},\"potentialAction\":[{\"@type\":\"SearchAction\",\"target\":\"http:\/\/ndbc.fr\/?s={search_term_string}\",\"query-input\":\"required name=search_term_string\"}],\"inLanguage\":\"en-US\"},{\"@type\":\"WebPage\",\"@id\":\"https:\/\/ndbc.fr\/?page_id=3212#webpage\",\"url\":\"https:\/\/ndbc.fr\/?page_id=3212\",\"name\":\"C\\u00f4t\\u00e9 Coll\\u00e8ge -\",\"isPartOf\":{\"@id\":\"http:\/\/ndbc.fr\/#website\"},\"datePublished\":\"2025-09-16T07:41:40+00:00\",\"dateModified\":\"2025-10-30T16:25:03+00:00\",\"breadcrumb\":{\"@id\":\"https:\/\/ndbc.fr\/?page_id=3212#breadcrumb\"},\"inLanguage\":\"en-US\",\"potentialAction\":[{\"@type\":\"ReadAction\",\"target\":[\"https:\/\/ndbc.fr\/?page_id=3212\"]}]},{\"@type\":\"BreadcrumbList\",\"@id\":\"https:\/\/ndbc.fr\/?page_id=3212#breadcrumb\",\"itemListElement\":[{\"@type\":\"ListItem\",\"position\":1,\"item\":{\"@type\":\"WebPage\",\"@id\":\"https:\/\/ndbc.fr\/\",\"url\":\"https:\/\/ndbc.fr\/\",\"name\":\"Accueil\"}},{\"@type\":\"ListItem\",\"position\":2,\"item\":{\"@type\":\"WebPage\",\"@id\":\"https:\/\/ndbc.fr\/?page_id=3212\",\"url\":\"https:\/\/ndbc.fr\/?page_id=3212\",\"name\":\"C\\u00f4t\\u00e9 Coll\\u00e8ge\"}}]}]}<\/script>\n<!-- \/ Yoast SEO plugin. -->","_links":{"self":[{"href":"http:\/\/ndbc.fr\/index.php?rest_route=\/wp\/v2\/pages\/3212","targetHints":{"allow":["GET"]}}],"collection":[{"href":"http:\/\/ndbc.fr\/index.php?rest_route=\/wp\/v2\/pages"}],"about":[{"href":"http:\/\/ndbc.fr\/index.php?rest_route=\/wp\/v2\/types\/page"}],"author":[{"embeddable":true,"href":"http:\/\/ndbc.fr\/index.php?rest_route=\/wp\/v2\/users\/1"}],"replies":[{"embeddable":true,"href":"http:\/\/ndbc.fr\/index.php?rest_route=%2Fwp%2Fv2%2Fcomments&post=3212"}],"version-history":[{"count":1,"href":"http:\/\/ndbc.fr\/index.php?rest_route=\/wp\/v2\/pages\/3212\/revisions"}],"predecessor-version":[{"id":3213,"href":"http:\/\/ndbc.fr\/index.php?rest_route=\/wp\/v2\/pages\/3212\/revisions\/3213"}],"wp:attachment":[{"href":"http:\/\/ndbc.fr\/index.php?rest_route=%2Fwp%2Fv2%2Fmedia&parent=3212"}],"curies":[{"name":"wp","href":"https:\/\/api.w.org\/{rel}","templated":true}]}}