{"id":25,"date":"2020-02-28T00:01:06","date_gmt":"2020-02-27T23:01:06","guid":{"rendered":"http:\/\/ndbc.fr\/?page_id=25"},"modified":"2025-09-08T17:15:40","modified_gmt":"2025-09-08T15:15:40","slug":"horaires-scolaires-et-garderie","status":"publish","type":"page","link":"http:\/\/ndbc.fr\/?page_id=25","title":{"rendered":"Horaires scolaires et garderie"},"content":{"rendered":"\n<p class=\"has-vivid-red-color has-text-color\"> <em><strong>Horaires du SECRETARIAT :<\/strong><\/em>\u00a0de 8h00 \u00e0 18h00<\/p>\n\n\n\n<p class=\"has-vivid-red-color has-text-color\"> <em><strong>Horaires de CLASSE :<\/strong><\/em>&nbsp;8h30 &#8211; 11h45 et 13h30 &#8211; 16h30<\/p>\n\n\n\n<p>Garderie \u00e0 partir de 7h20 le matin et jusque 18h30 le soir.<\/p>\n\n\n\n<p>Deux salles d&#8217;\u00e9tude, du CP au CM2 : 17h \u00e0 18h (sortie possible \u00e0 17h30)<\/p>\n\n\n\n<p><\/p>\n\n\n\n<p><\/p>\n\n\n\n<p><\/p>\n","protected":false},"excerpt":{"rendered":"<p>Horaires du SECRETARIAT :\u00a0de 8h00 \u00e0 18h00 Horaires de CLASSE :&nbsp;8h30 &#8211; 11h45 et 13h30 &#8211; 16h30 Garderie \u00e0 partir de 7h20 le matin et jusque 18h30 le soir. Deux salles d&#8217;\u00e9tude, du CP au CM2 : 17h \u00e0 18h (sortie possible \u00e0 17h30)<\/p>\n","protected":false},"author":1,"featured_media":0,"parent":23,"menu_order":1,"comment_status":"closed","ping_status":"closed","template":"","meta":{"footnotes":""},"class_list":["post-25","page","type-page","status-publish","hentry"],"yoast_head":"<!-- This site is optimized with the Yoast SEO plugin v14.1 - https:\/\/yoast.com\/wordpress\/plugins\/seo\/ -->\n<title>Horaires scolaires et garderie - Ensemble scolaire Notre Dame du Bon Conseil<\/title>\n<meta name=\"robots\" content=\"index, follow\" \/>\n<meta name=\"googlebot\" content=\"index, follow, max-snippet:-1, max-image-preview:large, max-video-preview:-1\" \/>\n<meta name=\"bingbot\" content=\"index, follow, max-snippet:-1, max-image-preview:large, max-video-preview:-1\" \/>\n<link rel=\"canonical\" href=\"https:\/\/ndbc.fr\/?page_id=25\" \/>\n<meta property=\"og:locale\" content=\"en_US\" \/>\n<meta property=\"og:type\" content=\"article\" \/>\n<meta property=\"og:title\" content=\"Horaires scolaires et garderie - Ensemble scolaire Notre Dame du Bon Conseil\" \/>\n<meta property=\"og:description\" content=\"Horaires du SECRETARIAT :\u00a0de 8h00 \u00e0 18h00 Horaires de CLASSE :&nbsp;8h30 &#8211; 11h45 et 13h30 &#8211; 16h30 Garderie \u00e0 partir de 7h20 le matin et jusque 18h30 le soir. Deux salles d&#8217;\u00e9tude, du CP au CM2 : 17h \u00e0 18h (sortie possible \u00e0 17h30)\" \/>\n<meta property=\"og:url\" content=\"https:\/\/ndbc.fr\/?page_id=25\" \/>\n<meta property=\"og:site_name\" content=\"Ensemble scolaire Notre Dame du Bon Conseil\" \/>\n<meta property=\"article:publisher\" content=\"https:\/\/www.facebook.com\/Notre-Dame-Du-Bon-Conseil-570310056457481\/\" \/>\n<meta property=\"article:modified_time\" content=\"2025-09-08T15:15:40+00:00\" \/>\n<meta name=\"twitter:card\" content=\"summary_large_image\" \/>\n<script type=\"application\/ld+json\" class=\"yoast-schema-graph\">{\"@context\":\"https:\/\/schema.org\",\"@graph\":[{\"@type\":\"Organization\",\"@id\":\"http:\/\/ndbc.fr\/#organization\",\"name\":\"Ecole Notre Dame du Bon Conseil AMIENS\",\"url\":\"http:\/\/ndbc.fr\/\",\"sameAs\":[\"https:\/\/www.facebook.com\/Notre-Dame-Du-Bon-Conseil-570310056457481\/\"],\"logo\":{\"@type\":\"ImageObject\",\"@id\":\"http:\/\/ndbc.fr\/#logo\",\"inLanguage\":\"en-US\",\"url\":\"http:\/\/ndbc.fr\/wp-content\/uploads\/2020\/03\/Fichier-1.png\",\"width\":238,\"height\":512,\"caption\":\"Ecole Notre Dame du Bon Conseil AMIENS\"},\"image\":{\"@id\":\"http:\/\/ndbc.fr\/#logo\"}},{\"@type\":\"WebSite\",\"@id\":\"http:\/\/ndbc.fr\/#website\",\"url\":\"http:\/\/ndbc.fr\/\",\"name\":\"Ensemble scolaire Notre Dame du Bon Conseil\",\"description\":\"Ecole et Coll\\u00e8ge\",\"publisher\":{\"@id\":\"http:\/\/ndbc.fr\/#organization\"},\"potentialAction\":[{\"@type\":\"SearchAction\",\"target\":\"http:\/\/ndbc.fr\/?s={search_term_string}\",\"query-input\":\"required name=search_term_string\"}],\"inLanguage\":\"en-US\"},{\"@type\":\"WebPage\",\"@id\":\"https:\/\/ndbc.fr\/?page_id=25#webpage\",\"url\":\"https:\/\/ndbc.fr\/?page_id=25\",\"name\":\"Horaires scolaires et garderie - Ensemble scolaire Notre Dame du Bon Conseil\",\"isPartOf\":{\"@id\":\"http:\/\/ndbc.fr\/#website\"},\"datePublished\":\"2020-02-27T23:01:06+00:00\",\"dateModified\":\"2025-09-08T15:15:40+00:00\",\"breadcrumb\":{\"@id\":\"https:\/\/ndbc.fr\/?page_id=25#breadcrumb\"},\"inLanguage\":\"en-US\",\"potentialAction\":[{\"@type\":\"ReadAction\",\"target\":[\"https:\/\/ndbc.fr\/?page_id=25\"]}]},{\"@type\":\"BreadcrumbList\",\"@id\":\"https:\/\/ndbc.fr\/?page_id=25#breadcrumb\",\"itemListElement\":[{\"@type\":\"ListItem\",\"position\":1,\"item\":{\"@type\":\"WebPage\",\"@id\":\"https:\/\/ndbc.fr\/\",\"url\":\"https:\/\/ndbc.fr\/\",\"name\":\"Accueil\"}},{\"@type\":\"ListItem\",\"position\":2,\"item\":{\"@type\":\"WebPage\",\"@id\":\"https:\/\/ndbc.fr\/?page_id=23\",\"url\":\"https:\/\/ndbc.fr\/?page_id=23\",\"name\":\"C\\u00f4t\\u00e9 \\u00e9cole\"}},{\"@type\":\"ListItem\",\"position\":3,\"item\":{\"@type\":\"WebPage\",\"@id\":\"https:\/\/ndbc.fr\/?page_id=25\",\"url\":\"https:\/\/ndbc.fr\/?page_id=25\",\"name\":\"Horaires scolaires et garderie\"}}]}]}<\/script>\n<!-- \/ Yoast SEO plugin. -->","_links":{"self":[{"href":"http:\/\/ndbc.fr\/index.php?rest_route=\/wp\/v2\/pages\/25","targetHints":{"allow":["GET"]}}],"collection":[{"href":"http:\/\/ndbc.fr\/index.php?rest_route=\/wp\/v2\/pages"}],"about":[{"href":"http:\/\/ndbc.fr\/index.php?rest_route=\/wp\/v2\/types\/page"}],"author":[{"embeddable":true,"href":"http:\/\/ndbc.fr\/index.php?rest_route=\/wp\/v2\/users\/1"}],"replies":[{"embeddable":true,"href":"http:\/\/ndbc.fr\/index.php?rest_route=%2Fwp%2Fv2%2Fcomments&post=25"}],"version-history":[{"count":8,"href":"http:\/\/ndbc.fr\/index.php?rest_route=\/wp\/v2\/pages\/25\/revisions"}],"predecessor-version":[{"id":3195,"href":"http:\/\/ndbc.fr\/index.php?rest_route=\/wp\/v2\/pages\/25\/revisions\/3195"}],"up":[{"embeddable":true,"href":"http:\/\/ndbc.fr\/index.php?rest_route=\/wp\/v2\/pages\/23"}],"wp:attachment":[{"href":"http:\/\/ndbc.fr\/index.php?rest_route=%2Fwp%2Fv2%2Fmedia&parent=25"}],"curies":[{"name":"wp","href":"https:\/\/api.w.org\/{rel}","templated":true}]}}